{"id":8020,"date":"2024-04-16T23:29:08","date_gmt":"2024-04-17T04:29:08","guid":{"rendered":"https:\/\/cms.evolutecc.com\/movies\/"},"modified":"2024-05-07T18:02:00","modified_gmt":"2024-05-07T16:02:00","slug":"movies","status":"publish","type":"page","link":"https:\/\/cmo.com.co\/en\/movies\/","title":{"rendered":"MOVIES"},"content":{"rendered":"\t\t<div data-elementor-type=\"wp-page\" data-elementor-id=\"8020\" class=\"elementor elementor-8020 elementor-5434\" data-elementor-post-type=\"page\">\n\t\t\t\t<div class=\"elementor-element elementor-element-6c70134 e-flex e-con-boxed e-con e-parent\" data-id=\"6c70134\" data-element_type=\"container\" data-e-type=\"container\">\n\t\t\t\t\t<div class=\"e-con-inner\">\n\t\t\t\t<div class=\"elementor-element elementor-element-35799d4 card-portafolio elementor-widget elementor-widget-ld_portfolio\" data-id=\"35799d4\" data-element_type=\"widget\" data-e-type=\"widget\" data-widget_type=\"ld_portfolio.default\">\n\t\t\t\t<div class=\"elementor-widget-container\">\n\t\t\t\t\t<div class=\"lqd-pf-grid lqd-pf-grid-35799d4\"><div id=\"lqd-pf-grid-35799d4\" class=\"lqd-pf-row row d-flex flex-wrap lqd-pf-grid-35799d4\" data-liquid-masonry=\"true\" data-masonry-options='{ \"layoutMode\": \"packery\" }'>\n<div class=\"lqd-pf-column col-md-3 col-sm-6 col-xs-12 col-sm-6 col-xs-12 masonry-item movies lqd-f-109\">\n\n\t<article id=\"post-8109\" class=\"lqd-pf-item lqd-pf-item-style-2 lqd-pf-overlay-bg-scale lqd-pf-color-custom pf-details-h-str post-8109 liquid-portfolio type-liquid-portfolio status-publish format-standard has-post-thumbnail hentry liquid-portfolio-category-movies\">\n\t\t<div class=\"lqd-pf-item-inner\">\n\n\t\t\t<div class=\"lqd-pf-img mb-3 pos-rel border-radius-6 overflow-hidden\">\n\t\t\t\t<figure>\n\t\t\t\t\t<figure class=\"w-100\"><img fetchpriority=\"high\" decoding=\"async\" width=\"379\" height=\"547\" src=\"https:\/\/cmo.com.co\/wp-content\/uploads\/2024\/04\/9.-El-Rey-de-la-Montana.jpg\" class=\"w-100 wp-post-image\" alt=\"\" srcset=\"https:\/\/cmo.com.co\/wp-content\/uploads\/2024\/04\/9.-El-Rey-de-la-Montana.jpg 379w, https:\/\/cmo.com.co\/wp-content\/uploads\/2024\/04\/9.-El-Rey-de-la-Montana-208x300.jpg 208w\" sizes=\"(max-width: 379px) 100vw, 379px\" itemprop=\"image\" \/><\/figure>\t\t\t\t<\/figure>\n\t\t\t\t<span class=\"lqd-pf-overlay-bg lqd-overlay d-flex align-items-center justify-content-center\">\n\t\t\t\t\t<i class=\"lqd-pf-overlay-icon lqd-icn-ess icon-md-arrow-forward\"><\/i>\t\t\t\t<\/span>\n\t\t\t<\/div>\n\n\t\t\t<div class=\"lqd-pf-details\">\n\t\t\t\t\t\t\t\t<h2 class=\"lqd-pf-title mt-0 mb-1 h5\">THE KING OF THE MOUNTAIN<\/h2>\t\t\t\t<ul class=\"reset-ul inline-nav lqd-pf-cat d-inline-flex pos-rel z-index-2\"><li><a href=\"https:\/\/cmo.com.co\/en\/portfolio-category\/movies\/\">MOVIES<\/a><\/li><\/ul>\n\t\t\t<\/div>\n\n\t\t\t<a href=\"https:\/\/cmo.com.co\/en\/portfolio\/the-king-of-the-mountain\/\"  class=\"lqd-overlay lqd-pf-overlay-link lqd-cc-label-trigger\" ><\/a>\n\t\t<\/div>\n\t<\/article>\n\n<\/div>\n<div class=\"lqd-pf-column col-md-3 col-sm-6 col-xs-12 col-sm-6 col-xs-12 masonry-item movies lqd-f-109\">\n\n\t<article id=\"post-8111\" class=\"lqd-pf-item lqd-pf-item-style-2 lqd-pf-overlay-bg-scale lqd-pf-color-custom pf-details-h-str post-8111 liquid-portfolio type-liquid-portfolio status-publish format-standard has-post-thumbnail hentry liquid-portfolio-category-movies\">\n\t\t<div class=\"lqd-pf-item-inner\">\n\n\t\t\t<div class=\"lqd-pf-img mb-3 pos-rel border-radius-6 overflow-hidden\">\n\t\t\t\t<figure>\n\t\t\t\t\t<figure class=\"w-100\"><img decoding=\"async\" width=\"380\" height=\"547\" src=\"data:image\/svg+xml;charset=utf-8,%3Csvg xmlns%3D&#039;http%3A%2F%2Fwww.w3.org%2F2000%2Fsvg&#039; viewBox%3D&#039;0 0 380 547&#039;%2F%3E\" class=\"w-100 ld-lazyload wp-post-image\" alt=\"\" itemprop=\"image\" data-src=\"https:\/\/cmo.com.co\/wp-content\/uploads\/2024\/04\/8.-Siempreviva.jpg\" data-srcset=\"https:\/\/cmo.com.co\/wp-content\/uploads\/2024\/04\/8.-Siempreviva.jpg 380w, https:\/\/cmo.com.co\/wp-content\/uploads\/2024\/04\/8.-Siempreviva-208x300.jpg 208w\" data-sizes=\"(max-width: 380px) 100vw, 380px\" data-aspect=\"0.69469835466179\" \/><\/figure>\t\t\t\t<\/figure>\n\t\t\t\t<span class=\"lqd-pf-overlay-bg lqd-overlay d-flex align-items-center justify-content-center\">\n\t\t\t\t\t<i class=\"lqd-pf-overlay-icon lqd-icn-ess icon-md-arrow-forward\"><\/i>\t\t\t\t<\/span>\n\t\t\t<\/div>\n\n\t\t\t<div class=\"lqd-pf-details\">\n\t\t\t\t\t\t\t\t<h2 class=\"lqd-pf-title mt-0 mb-1 h5\">INMORTAL<\/h2>\t\t\t\t<ul class=\"reset-ul inline-nav lqd-pf-cat d-inline-flex pos-rel z-index-2\"><li><a href=\"https:\/\/cmo.com.co\/en\/portfolio-category\/movies\/\">MOVIES<\/a><\/li><\/ul>\n\t\t\t<\/div>\n\n\t\t\t<a href=\"https:\/\/cmo.com.co\/en\/portfolio\/inmortal\/\"  class=\"lqd-overlay lqd-pf-overlay-link lqd-cc-label-trigger\" ><\/a>\n\t\t<\/div>\n\t<\/article>\n\n<\/div>\n<div class=\"lqd-pf-column col-md-3 col-sm-6 col-xs-12 col-sm-6 col-xs-12 masonry-item movies lqd-f-109\">\n\n\t<article id=\"post-8113\" class=\"lqd-pf-item lqd-pf-item-style-2 lqd-pf-overlay-bg-scale lqd-pf-color-custom pf-details-h-str post-8113 liquid-portfolio type-liquid-portfolio status-publish format-standard has-post-thumbnail hentry liquid-portfolio-category-movies\">\n\t\t<div class=\"lqd-pf-item-inner\">\n\n\t\t\t<div class=\"lqd-pf-img mb-3 pos-rel border-radius-6 overflow-hidden\">\n\t\t\t\t<figure>\n\t\t\t\t\t<figure class=\"w-100\"><img decoding=\"async\" width=\"379\" height=\"547\" src=\"data:image\/svg+xml;charset=utf-8,%3Csvg xmlns%3D&#039;http%3A%2F%2Fwww.w3.org%2F2000%2Fsvg&#039; viewBox%3D&#039;0 0 379 547&#039;%2F%3E\" class=\"w-100 ld-lazyload wp-post-image\" alt=\"\" itemprop=\"image\" data-src=\"https:\/\/cmo.com.co\/wp-content\/uploads\/2024\/04\/7.-Del-Amor-y-Otros-Demonios.jpg\" data-srcset=\"https:\/\/cmo.com.co\/wp-content\/uploads\/2024\/04\/7.-Del-Amor-y-Otros-Demonios.jpg 379w, https:\/\/cmo.com.co\/wp-content\/uploads\/2024\/04\/7.-Del-Amor-y-Otros-Demonios-208x300.jpg 208w\" data-sizes=\"(max-width: 379px) 100vw, 379px\" data-aspect=\"0.69287020109689\" \/><\/figure>\t\t\t\t<\/figure>\n\t\t\t\t<span class=\"lqd-pf-overlay-bg lqd-overlay d-flex align-items-center justify-content-center\">\n\t\t\t\t\t<i class=\"lqd-pf-overlay-icon lqd-icn-ess icon-md-arrow-forward\"><\/i>\t\t\t\t<\/span>\n\t\t\t<\/div>\n\n\t\t\t<div class=\"lqd-pf-details\">\n\t\t\t\t\t\t\t\t<h2 class=\"lqd-pf-title mt-0 mb-1 h5\">OF LOVE AND OTHER DEMONS<\/h2>\t\t\t\t<ul class=\"reset-ul inline-nav lqd-pf-cat d-inline-flex pos-rel z-index-2\"><li><a href=\"https:\/\/cmo.com.co\/en\/portfolio-category\/movies\/\">MOVIES<\/a><\/li><\/ul>\n\t\t\t<\/div>\n\n\t\t\t<a href=\"https:\/\/cmo.com.co\/en\/portfolio\/of-love-and-other-demons\/\"  class=\"lqd-overlay lqd-pf-overlay-link lqd-cc-label-trigger\" ><\/a>\n\t\t<\/div>\n\t<\/article>\n\n<\/div>\n<div class=\"lqd-pf-column col-md-3 col-sm-6 col-xs-12 col-sm-6 col-xs-12 masonry-item movies lqd-f-109\">\n\n\t<article id=\"post-8115\" class=\"lqd-pf-item lqd-pf-item-style-2 lqd-pf-overlay-bg-scale lqd-pf-color-custom pf-details-h-str post-8115 liquid-portfolio type-liquid-portfolio status-publish format-standard has-post-thumbnail hentry liquid-portfolio-category-movies\">\n\t\t<div class=\"lqd-pf-item-inner\">\n\n\t\t\t<div class=\"lqd-pf-img mb-3 pos-rel border-radius-6 overflow-hidden\">\n\t\t\t\t<figure>\n\t\t\t\t\t<figure class=\"w-100\"><img loading=\"lazy\" decoding=\"async\" width=\"379\" height=\"547\" src=\"data:image\/svg+xml;charset=utf-8,%3Csvg xmlns%3D&#039;http%3A%2F%2Fwww.w3.org%2F2000%2Fsvg&#039; viewBox%3D&#039;0 0 379 547&#039;%2F%3E\" class=\"w-100 ld-lazyload wp-post-image\" alt=\"\" itemprop=\"image\" data-src=\"https:\/\/cmo.com.co\/wp-content\/uploads\/2024\/04\/5.-Esto-Huele-Mal.jpg\" data-srcset=\"https:\/\/cmo.com.co\/wp-content\/uploads\/2024\/04\/5.-Esto-Huele-Mal.jpg 379w, https:\/\/cmo.com.co\/wp-content\/uploads\/2024\/04\/5.-Esto-Huele-Mal-208x300.jpg 208w\" data-sizes=\"(max-width: 379px) 100vw, 379px\" data-aspect=\"0.69287020109689\" \/><\/figure>\t\t\t\t<\/figure>\n\t\t\t\t<span class=\"lqd-pf-overlay-bg lqd-overlay d-flex align-items-center justify-content-center\">\n\t\t\t\t\t<i class=\"lqd-pf-overlay-icon lqd-icn-ess icon-md-arrow-forward\"><\/i>\t\t\t\t<\/span>\n\t\t\t<\/div>\n\n\t\t\t<div class=\"lqd-pf-details\">\n\t\t\t\t\t\t\t\t<h2 class=\"lqd-pf-title mt-0 mb-1 h5\">LIES<\/h2>\t\t\t\t<ul class=\"reset-ul inline-nav lqd-pf-cat d-inline-flex pos-rel z-index-2\"><li><a href=\"https:\/\/cmo.com.co\/en\/portfolio-category\/movies\/\">MOVIES<\/a><\/li><\/ul>\n\t\t\t<\/div>\n\n\t\t\t<a href=\"https:\/\/cmo.com.co\/en\/portfolio\/lies\/\"  class=\"lqd-overlay lqd-pf-overlay-link lqd-cc-label-trigger\" ><\/a>\n\t\t<\/div>\n\t<\/article>\n\n<\/div>\n<div class=\"lqd-pf-column col-md-3 col-sm-6 col-xs-12 col-sm-6 col-xs-12 masonry-item movies lqd-f-109\">\n\n\t<article id=\"post-8117\" class=\"lqd-pf-item lqd-pf-item-style-2 lqd-pf-overlay-bg-scale lqd-pf-color-custom pf-details-h-str post-8117 liquid-portfolio type-liquid-portfolio status-publish format-standard has-post-thumbnail hentry liquid-portfolio-category-movies\">\n\t\t<div class=\"lqd-pf-item-inner\">\n\n\t\t\t<div class=\"lqd-pf-img mb-3 pos-rel border-radius-6 overflow-hidden\">\n\t\t\t\t<figure>\n\t\t\t\t\t<figure class=\"w-100\"><img loading=\"lazy\" decoding=\"async\" width=\"379\" height=\"547\" src=\"data:image\/svg+xml;charset=utf-8,%3Csvg xmlns%3D&#039;http%3A%2F%2Fwww.w3.org%2F2000%2Fsvg&#039; viewBox%3D&#039;0 0 379 547&#039;%2F%3E\" class=\"w-100 ld-lazyload wp-post-image\" alt=\"\" itemprop=\"image\" data-src=\"https:\/\/cmo.com.co\/wp-content\/uploads\/2024\/04\/4.-Sonar-No-Cuesta-Nada.jpg\" data-srcset=\"https:\/\/cmo.com.co\/wp-content\/uploads\/2024\/04\/4.-Sonar-No-Cuesta-Nada.jpg 379w, https:\/\/cmo.com.co\/wp-content\/uploads\/2024\/04\/4.-Sonar-No-Cuesta-Nada-208x300.jpg 208w\" data-sizes=\"(max-width: 379px) 100vw, 379px\" data-aspect=\"0.69287020109689\" \/><\/figure>\t\t\t\t<\/figure>\n\t\t\t\t<span class=\"lqd-pf-overlay-bg lqd-overlay d-flex align-items-center justify-content-center\">\n\t\t\t\t\t<i class=\"lqd-pf-overlay-icon lqd-icn-ess icon-md-arrow-forward\"><\/i>\t\t\t\t<\/span>\n\t\t\t<\/div>\n\n\t\t\t<div class=\"lqd-pf-details\">\n\t\t\t\t\t\t\t\t<h2 class=\"lqd-pf-title mt-0 mb-1 h5\">A TON OF LUCK<\/h2>\t\t\t\t<ul class=\"reset-ul inline-nav lqd-pf-cat d-inline-flex pos-rel z-index-2\"><li><a href=\"https:\/\/cmo.com.co\/en\/portfolio-category\/movies\/\">MOVIES<\/a><\/li><\/ul>\n\t\t\t<\/div>\n\n\t\t\t<a href=\"https:\/\/cmo.com.co\/en\/portfolio\/a-ton-of-luck\/\"  class=\"lqd-overlay lqd-pf-overlay-link lqd-cc-label-trigger\" ><\/a>\n\t\t<\/div>\n\t<\/article>\n\n<\/div>\n<div class=\"lqd-pf-column col-md-3 col-sm-6 col-xs-12 col-sm-6 col-xs-12 masonry-item movies lqd-f-109\">\n\n\t<article id=\"post-8119\" class=\"lqd-pf-item lqd-pf-item-style-2 lqd-pf-overlay-bg-scale lqd-pf-color-custom pf-details-h-str post-8119 liquid-portfolio type-liquid-portfolio status-publish format-standard has-post-thumbnail hentry liquid-portfolio-category-movies\">\n\t\t<div class=\"lqd-pf-item-inner\">\n\n\t\t\t<div class=\"lqd-pf-img mb-3 pos-rel border-radius-6 overflow-hidden\">\n\t\t\t\t<figure>\n\t\t\t\t\t<figure class=\"w-100\"><img loading=\"lazy\" decoding=\"async\" width=\"379\" height=\"547\" src=\"data:image\/svg+xml;charset=utf-8,%3Csvg xmlns%3D&#039;http%3A%2F%2Fwww.w3.org%2F2000%2Fsvg&#039; viewBox%3D&#039;0 0 379 547&#039;%2F%3E\" class=\"w-100 ld-lazyload wp-post-image\" alt=\"\" itemprop=\"image\" data-src=\"https:\/\/cmo.com.co\/wp-content\/uploads\/2024\/04\/6.-El-Angel-del-Acordeon.jpg\" data-srcset=\"https:\/\/cmo.com.co\/wp-content\/uploads\/2024\/04\/6.-El-Angel-del-Acordeon.jpg 379w, https:\/\/cmo.com.co\/wp-content\/uploads\/2024\/04\/6.-El-Angel-del-Acordeon-208x300.jpg 208w\" data-sizes=\"(max-width: 379px) 100vw, 379px\" data-aspect=\"0.69287020109689\" \/><\/figure>\t\t\t\t<\/figure>\n\t\t\t\t<span class=\"lqd-pf-overlay-bg lqd-overlay d-flex align-items-center justify-content-center\">\n\t\t\t\t\t<i class=\"lqd-pf-overlay-icon lqd-icn-ess icon-md-arrow-forward\"><\/i>\t\t\t\t<\/span>\n\t\t\t<\/div>\n\n\t\t\t<div class=\"lqd-pf-details\">\n\t\t\t\t\t\t\t\t<h2 class=\"lqd-pf-title mt-0 mb-1 h5\">THE ACCORDION ANGEL<\/h2>\t\t\t\t<ul class=\"reset-ul inline-nav lqd-pf-cat d-inline-flex pos-rel z-index-2\"><li><a href=\"https:\/\/cmo.com.co\/en\/portfolio-category\/movies\/\">MOVIES<\/a><\/li><\/ul>\n\t\t\t<\/div>\n\n\t\t\t<a href=\"https:\/\/cmo.com.co\/en\/portfolio\/the-accordion-angel\/\"  class=\"lqd-overlay lqd-pf-overlay-link lqd-cc-label-trigger\" ><\/a>\n\t\t<\/div>\n\t<\/article>\n\n<\/div>\n<div class=\"lqd-pf-column col-md-3 col-sm-6 col-xs-12 col-sm-6 col-xs-12 masonry-item movies lqd-f-109\">\n\n\t<article id=\"post-8123\" class=\"lqd-pf-item lqd-pf-item-style-2 lqd-pf-overlay-bg-scale lqd-pf-color-custom pf-details-h-str post-8123 liquid-portfolio type-liquid-portfolio status-publish format-standard has-post-thumbnail hentry liquid-portfolio-category-movies\">\n\t\t<div class=\"lqd-pf-item-inner\">\n\n\t\t\t<div class=\"lqd-pf-img mb-3 pos-rel border-radius-6 overflow-hidden\">\n\t\t\t\t<figure>\n\t\t\t\t\t<figure class=\"w-100\"><img loading=\"lazy\" decoding=\"async\" width=\"379\" height=\"547\" src=\"data:image\/svg+xml;charset=utf-8,%3Csvg xmlns%3D&#039;http%3A%2F%2Fwww.w3.org%2F2000%2Fsvg&#039; viewBox%3D&#039;0 0 379 547&#039;%2F%3E\" class=\"w-100 ld-lazyload wp-post-image\" alt=\"\" itemprop=\"image\" data-src=\"https:\/\/cmo.com.co\/wp-content\/uploads\/2024\/04\/1.-Como-El-Gato-y-El-Raton.jpg\" data-srcset=\"https:\/\/cmo.com.co\/wp-content\/uploads\/2024\/04\/1.-Como-El-Gato-y-El-Raton.jpg 379w, https:\/\/cmo.com.co\/wp-content\/uploads\/2024\/04\/1.-Como-El-Gato-y-El-Raton-208x300.jpg 208w\" data-sizes=\"(max-width: 379px) 100vw, 379px\" data-aspect=\"0.69287020109689\" \/><\/figure>\t\t\t\t<\/figure>\n\t\t\t\t<span class=\"lqd-pf-overlay-bg lqd-overlay d-flex align-items-center justify-content-center\">\n\t\t\t\t\t<i class=\"lqd-pf-overlay-icon lqd-icn-ess icon-md-arrow-forward\"><\/i>\t\t\t\t<\/span>\n\t\t\t<\/div>\n\n\t\t\t<div class=\"lqd-pf-details\">\n\t\t\t\t\t\t\t\t<h2 class=\"lqd-pf-title mt-0 mb-1 h5\">LIKE CAT AND MOUSE<\/h2>\t\t\t\t<ul class=\"reset-ul inline-nav lqd-pf-cat d-inline-flex pos-rel z-index-2\"><li><a href=\"https:\/\/cmo.com.co\/en\/portfolio-category\/movies\/\">MOVIES<\/a><\/li><\/ul>\n\t\t\t<\/div>\n\n\t\t\t<a href=\"https:\/\/cmo.com.co\/en\/portfolio\/like-cat-and-mouse\/\"  class=\"lqd-overlay lqd-pf-overlay-link lqd-cc-label-trigger\" ><\/a>\n\t\t<\/div>\n\t<\/article>\n\n<\/div>\n<div class=\"lqd-pf-column col-md-3 col-sm-6 col-xs-12 col-sm-6 col-xs-12 masonry-item movies lqd-f-109\">\n\n\t<article id=\"post-8121\" class=\"lqd-pf-item lqd-pf-item-style-2 lqd-pf-overlay-bg-scale lqd-pf-color-custom pf-details-h-str post-8121 liquid-portfolio type-liquid-portfolio status-publish format-standard has-post-thumbnail hentry liquid-portfolio-category-movies\">\n\t\t<div class=\"lqd-pf-item-inner\">\n\n\t\t\t<div class=\"lqd-pf-img mb-3 pos-rel border-radius-6 overflow-hidden\">\n\t\t\t\t<figure>\n\t\t\t\t\t<figure class=\"w-100\"><img loading=\"lazy\" decoding=\"async\" width=\"378\" height=\"545\" src=\"data:image\/svg+xml;charset=utf-8,%3Csvg xmlns%3D&#039;http%3A%2F%2Fwww.w3.org%2F2000%2Fsvg&#039; viewBox%3D&#039;0 0 378 545&#039;%2F%3E\" class=\"w-100 ld-lazyload wp-post-image\" alt=\"\" itemprop=\"image\" data-src=\"https:\/\/cmo.com.co\/wp-content\/uploads\/2024\/04\/2.-Bolivar-Soy-Yo.jpg\" data-srcset=\"https:\/\/cmo.com.co\/wp-content\/uploads\/2024\/04\/2.-Bolivar-Soy-Yo.jpg 378w, https:\/\/cmo.com.co\/wp-content\/uploads\/2024\/04\/2.-Bolivar-Soy-Yo-208x300.jpg 208w\" data-sizes=\"(max-width: 378px) 100vw, 378px\" data-aspect=\"0.69357798165138\" \/><\/figure>\t\t\t\t<\/figure>\n\t\t\t\t<span class=\"lqd-pf-overlay-bg lqd-overlay d-flex align-items-center justify-content-center\">\n\t\t\t\t\t<i class=\"lqd-pf-overlay-icon lqd-icn-ess icon-md-arrow-forward\"><\/i>\t\t\t\t<\/span>\n\t\t\t<\/div>\n\n\t\t\t<div class=\"lqd-pf-details\">\n\t\t\t\t\t\t\t\t<h2 class=\"lqd-pf-title mt-0 mb-1 h5\">I AM BOLIVAR<\/h2>\t\t\t\t<ul class=\"reset-ul inline-nav lqd-pf-cat d-inline-flex pos-rel z-index-2\"><li><a href=\"https:\/\/cmo.com.co\/en\/portfolio-category\/movies\/\">MOVIES<\/a><\/li><\/ul>\n\t\t\t<\/div>\n\n\t\t\t<a href=\"https:\/\/cmo.com.co\/en\/portfolio\/i-am-bolivar\/\"  class=\"lqd-overlay lqd-pf-overlay-link lqd-cc-label-trigger\" ><\/a>\n\t\t<\/div>\n\t<\/article>\n\n<\/div><\/div><\/div>\t\t\t\t<\/div>\n\t\t\t\t<\/div>\n\t\t\t\t\t<\/div>\n\t\t\t\t<\/div>\n\t\t\t\t<\/div>\n\t\t","protected":false},"excerpt":{"rendered":"<p>EL REY DE LA MONTA\u00d1A Peliculas SIEMPREVIVA Peliculas DEL AMOR Y OTROS DEMONIOS Peliculas ESTO HUELE MAL Peliculas SO\u00d1AR NO CUESTA NADA Peliculas EL \u00c1NGEL DEL ACORDE\u00d3N Peliculas COMO EL GATO Y EL RAT\u00d3N Peliculas BOL\u00cdVAR SOY YO Peliculas<\/p>\n","protected":false},"author":1,"featured_media":0,"parent":0,"menu_order":0,"comment_status":"closed","ping_status":"closed","template":"","meta":{"_seopress_robots_primary_cat":"","_seopress_titles_title":"","_seopress_titles_desc":"","_seopress_robots_index":"","footnotes":""},"class_list":["post-8020","page","type-page","status-publish","hentry"],"_links":{"self":[{"href":"https:\/\/cmo.com.co\/en\/wp-json\/wp\/v2\/pages\/8020","targetHints":{"allow":["GET"]}}],"collection":[{"href":"https:\/\/cmo.com.co\/en\/wp-json\/wp\/v2\/pages"}],"about":[{"href":"https:\/\/cmo.com.co\/en\/wp-json\/wp\/v2\/types\/page"}],"author":[{"embeddable":true,"href":"https:\/\/cmo.com.co\/en\/wp-json\/wp\/v2\/users\/1"}],"replies":[{"embeddable":true,"href":"https:\/\/cmo.com.co\/en\/wp-json\/wp\/v2\/comments?post=8020"}],"version-history":[{"count":0,"href":"https:\/\/cmo.com.co\/en\/wp-json\/wp\/v2\/pages\/8020\/revisions"}],"wp:attachment":[{"href":"https:\/\/cmo.com.co\/en\/wp-json\/wp\/v2\/media?parent=8020"}],"curies":[{"name":"wp","href":"https:\/\/api.w.org\/{rel}","templated":true}]}}